{"id":72,"date":"2026-01-17T11:38:37","date_gmt":"2026-01-17T11:38:37","guid":{"rendered":"https:\/\/dpf-czyszczenie.pl\/?page_id=72"},"modified":"2026-01-17T12:11:08","modified_gmt":"2026-01-17T12:11:08","slug":"oferta","status":"publish","type":"page","link":"https:\/\/dpf-czyszczenie.pl\/index.php\/oferta\/","title":{"rendered":"Oferta"},"content":{"rendered":"\n<div class=\"wp-block-columns alignwide is-layout-flex wp-container-core-columns-is-layout-829b1d53 wp-block-columns-is-layout-flex\" style=\"margin-bottom:0\">\n<div class=\"wp-block-column has-luminous-vivid-amber-to-luminous-vivid-orange-gradient-background has-text-color has-background has-link-color wp-elements-9aecb04ba16d42d487596465f644a31c is-layout-flow wp-block-column-is-layout-flow\" style=\"color:#000000;padding-top:2em;padding-right:2em;padding-bottom:2em;padding-left:2em\">\n<h2 class=\"wp-block-heading\" id=\"single\" style=\"font-size:40px\"><strong>Filtra DPF<\/strong><\/h2>\n\n\n\n<p class=\"has-normal-font-size\" style=\"line-height:1.5\"><strong>Dla samochod\u00f3w osobowych <\/strong><\/p>\n\n\n\n<hr class=\"wp-block-separator has-text-color has-css-opacity has-background is-style-default\" style=\"background-color:#000000;color:#000000\"\/>\n\n\n\n<ul class=\"wp-block-list has-normal-font-size\">\n<li>Przywie\u015b\u0107 nale\u017cy filtr ju\u017c zdemontowany z samochodu <\/li>\n\n\n\n<li>Diagnostyka i czyszczenie filtra <\/li>\n\n\n\n<li>Wysy\u0142ka lub odbi\u00f3r osobisty filtra<\/li>\n\n\n\n<li>Gwaracja Jako\u015bci 100 %<\/li>\n<\/ul>\n<\/div>\n\n\n\n<div class=\"wp-block-column has-very-light-gray-to-cyan-bluish-gray-gradient-background has-text-color has-background has-link-color wp-elements-f082fa331dfc439005b0cdfd98a58eb1 is-layout-flow wp-block-column-is-layout-flow\" style=\"color:#000000;padding-top:2em;padding-right:2em;padding-bottom:2em;padding-left:2em\">\n<h2 class=\"wp-block-heading\" id=\"family\" style=\"font-size:40px\"><strong> DPF <\/strong><\/h2>\n\n\n\n<p class=\"has-normal-font-size\" style=\"line-height:1.5\"><strong>Dla Samochody ci\u0119\u017carowe <\/strong><\/p>\n\n\n\n<hr class=\"wp-block-separator has-css-opacity is-style-default\"\/>\n\n\n\n<ul class=\"wp-block-list has-normal-font-size\">\n<li>Przywie\u015b\u0107 nale\u017cy filtr ju\u017c zdemontowany z samochodu <\/li>\n\n\n\n<li>Diagnostyka i czyszczenie filtra <\/li>\n\n\n\n<li>Wysy\u0142ka lub odbi\u00f3r osobisty filtra<\/li>\n\n\n\n<li>Gwaracja Jako\u015bci 100 %<\/li>\n<\/ul>\n\n\n\n<div class=\"wp-block-buttons offer-grid is-horizontal is-content-justification-center is-nowrap is-layout-flex wp-container-core-buttons-is-layout-375ef8be wp-block-buttons-is-layout-flex\">\n<div class=\"wp-block-button is-style-default\"><a class=\"wp-block-button__link wp-element-button\">Dzwo\u0144 722 207 878<\/a><\/div>\n<\/div>\n<\/div>\n\n\n\n<div class=\"wp-block-column offer-grid has-text-color has-background has-link-color wp-elements-d39e85d31e7e12fc6f45678ca15170d6 is-layout-flow wp-block-column-is-layout-flow\" style=\"border-style:none;border-width:0px;color:#000000;background:linear-gradient(28deg,rgb(2,3,129) 0%,rgb(40,116,252) 100%);padding-top:2em;padding-right:2em;padding-bottom:2em;padding-left:2em\">\n<h2 class=\"wp-block-heading has-nv-light-bg-color has-text-color has-link-color wp-elements-a7d8934a4a0b7518dba99a2fcfa91efa\" id=\"patron\" style=\"font-size:40px\"><strong>Kompleks<\/strong><\/h2>\n\n\n\n<p class=\"has-nv-site-bg-color has-text-color has-link-color has-normal-font-size wp-elements-f03479d76f1b7e07dd7447d272d7cc45\"><strong>Przenie\u015b wsparcie na wy\u017cszy poziom.<\/strong><\/p>\n\n\n\n<hr class=\"wp-block-separator has-css-opacity is-style-default\"\/>\n\n\n\n<ul class=\"wp-block-list has-normal-font-size\">\n<li class=\"has-nv-light-bg-color has-text-color has-link-color wp-elements-78d2932596c42c214427e8c52f725ef1\">Przyjed\u017a z samochodem do naszej firmy <\/li>\n\n\n\n<li class=\"has-nv-light-bg-color has-text-color has-link-color wp-elements-aaf02431a6d24352a99db36d5136403f\">Diagnostyka samochodowa, Demonta\u017c filtra<\/li>\n\n\n\n<li class=\"has-nv-light-bg-color has-text-color has-link-color wp-elements-69ebc1a7ff73571cc5d3b8be9adb59e4\">Czyszczenie filta, monta\u017c filtra, ponowna diagnostyka <\/li>\n<\/ul>\n<\/div>\n<\/div>\n\n\n\n<p><\/p>\n","protected":false},"excerpt":{"rendered":"<p>Filtra DPF Dla samochod\u00f3w osobowych DPF Dla Samochody ci\u0119\u017carowe Kompleks Przenie\u015b wsparcie na wy\u017cszy poziom.<\/p>\n","protected":false},"author":1,"featured_media":0,"parent":0,"menu_order":0,"comment_status":"closed","ping_status":"closed","template":"","meta":{"neve_meta_sidebar":"","neve_meta_container":"","neve_meta_enable_content_width":"","neve_meta_content_width":0,"neve_meta_title_alignment":"","neve_meta_author_avatar":"","neve_post_elements_order":"","neve_meta_disable_header":"","neve_meta_disable_footer":"","neve_meta_disable_title":"","footnotes":""},"class_list":["post-72","page","type-page","status-publish","hentry"],"yoast_head":"<!-- This site is optimized with the Yoast SEO plugin v27.1.1 - https:\/\/yoast.com\/product\/yoast-seo-wordpress\/ -->\n<title>Oferta - dpf-czyszczenie.pl<\/title>\n<meta name=\"robots\" content=\"index, follow, max-snippet:-1, max-image-preview:large, max-video-preview:-1\" \/>\n<link rel=\"canonical\" href=\"https:\/\/dpf-czyszczenie.pl\/index.php\/oferta\/\" \/>\n<meta property=\"og:locale\" content=\"pl_PL\" \/>\n<meta property=\"og:type\" content=\"article\" \/>\n<meta property=\"og:title\" content=\"Oferta - dpf-czyszczenie.pl\" \/>\n<meta property=\"og:description\" content=\"Filtra DPF Dla samochod\u00f3w osobowych DPF Dla Samochody ci\u0119\u017carowe Kompleks Przenie\u015b wsparcie na wy\u017cszy poziom.\" \/>\n<meta property=\"og:url\" content=\"https:\/\/dpf-czyszczenie.pl\/index.php\/oferta\/\" \/>\n<meta property=\"og:site_name\" content=\"dpf-czyszczenie.pl\" \/>\n<meta property=\"article:modified_time\" content=\"2026-01-17T12:11:08+00:00\" \/>\n<meta name=\"twitter:card\" content=\"summary_large_image\" \/>\n<script type=\"application\/ld+json\" class=\"yoast-schema-graph\">{\"@context\":\"https:\/\/schema.org\",\"@graph\":[{\"@type\":\"WebPage\",\"@id\":\"https:\/\/dpf-czyszczenie.pl\/index.php\/oferta\/\",\"url\":\"https:\/\/dpf-czyszczenie.pl\/index.php\/oferta\/\",\"name\":\"Oferta - dpf-czyszczenie.pl\",\"isPartOf\":{\"@id\":\"https:\/\/dpf-czyszczenie.pl\/#website\"},\"datePublished\":\"2026-01-17T11:38:37+00:00\",\"dateModified\":\"2026-01-17T12:11:08+00:00\",\"breadcrumb\":{\"@id\":\"https:\/\/dpf-czyszczenie.pl\/index.php\/oferta\/#breadcrumb\"},\"inLanguage\":\"pl-PL\",\"potentialAction\":[{\"@type\":\"ReadAction\",\"target\":[\"https:\/\/dpf-czyszczenie.pl\/index.php\/oferta\/\"]}]},{\"@type\":\"BreadcrumbList\",\"@id\":\"https:\/\/dpf-czyszczenie.pl\/index.php\/oferta\/#breadcrumb\",\"itemListElement\":[{\"@type\":\"ListItem\",\"position\":1,\"name\":\"Strona g\u0142\u00f3wna\",\"item\":\"https:\/\/dpf-czyszczenie.pl\/\"},{\"@type\":\"ListItem\",\"position\":2,\"name\":\"Oferta\"}]},{\"@type\":\"WebSite\",\"@id\":\"https:\/\/dpf-czyszczenie.pl\/#website\",\"url\":\"https:\/\/dpf-czyszczenie.pl\/\",\"name\":\"dpf-czyszczenie.pl\",\"description\":\"\",\"publisher\":{\"@id\":\"https:\/\/dpf-czyszczenie.pl\/#organization\"},\"potentialAction\":[{\"@type\":\"SearchAction\",\"target\":{\"@type\":\"EntryPoint\",\"urlTemplate\":\"https:\/\/dpf-czyszczenie.pl\/?s={search_term_string}\"},\"query-input\":{\"@type\":\"PropertyValueSpecification\",\"valueRequired\":true,\"valueName\":\"search_term_string\"}}],\"inLanguage\":\"pl-PL\"},{\"@type\":\"Organization\",\"@id\":\"https:\/\/dpf-czyszczenie.pl\/#organization\",\"name\":\"dpf-czyszczenie.pl\",\"url\":\"https:\/\/dpf-czyszczenie.pl\/\",\"logo\":{\"@type\":\"ImageObject\",\"inLanguage\":\"pl-PL\",\"@id\":\"https:\/\/dpf-czyszczenie.pl\/#\/schema\/logo\/image\/\",\"url\":\"https:\/\/dpf-czyszczenie.pl\/wp-content\/uploads\/2025\/10\/logo-agency.png\",\"contentUrl\":\"https:\/\/dpf-czyszczenie.pl\/wp-content\/uploads\/2025\/10\/logo-agency.png\",\"width\":200,\"height\":200,\"caption\":\"dpf-czyszczenie.pl\"},\"image\":{\"@id\":\"https:\/\/dpf-czyszczenie.pl\/#\/schema\/logo\/image\/\"}}]}<\/script>\n<!-- \/ Yoast SEO plugin. -->","yoast_head_json":{"title":"Oferta - dpf-czyszczenie.pl","robots":{"index":"index","follow":"follow","max-snippet":"max-snippet:-1","max-image-preview":"max-image-preview:large","max-video-preview":"max-video-preview:-1"},"canonical":"https:\/\/dpf-czyszczenie.pl\/index.php\/oferta\/","og_locale":"pl_PL","og_type":"article","og_title":"Oferta - dpf-czyszczenie.pl","og_description":"Filtra DPF Dla samochod\u00f3w osobowych DPF Dla Samochody ci\u0119\u017carowe Kompleks Przenie\u015b wsparcie na wy\u017cszy poziom.","og_url":"https:\/\/dpf-czyszczenie.pl\/index.php\/oferta\/","og_site_name":"dpf-czyszczenie.pl","article_modified_time":"2026-01-17T12:11:08+00:00","twitter_card":"summary_large_image","schema":{"@context":"https:\/\/schema.org","@graph":[{"@type":"WebPage","@id":"https:\/\/dpf-czyszczenie.pl\/index.php\/oferta\/","url":"https:\/\/dpf-czyszczenie.pl\/index.php\/oferta\/","name":"Oferta - dpf-czyszczenie.pl","isPartOf":{"@id":"https:\/\/dpf-czyszczenie.pl\/#website"},"datePublished":"2026-01-17T11:38:37+00:00","dateModified":"2026-01-17T12:11:08+00:00","breadcrumb":{"@id":"https:\/\/dpf-czyszczenie.pl\/index.php\/oferta\/#breadcrumb"},"inLanguage":"pl-PL","potentialAction":[{"@type":"ReadAction","target":["https:\/\/dpf-czyszczenie.pl\/index.php\/oferta\/"]}]},{"@type":"BreadcrumbList","@id":"https:\/\/dpf-czyszczenie.pl\/index.php\/oferta\/#breadcrumb","itemListElement":[{"@type":"ListItem","position":1,"name":"Strona g\u0142\u00f3wna","item":"https:\/\/dpf-czyszczenie.pl\/"},{"@type":"ListItem","position":2,"name":"Oferta"}]},{"@type":"WebSite","@id":"https:\/\/dpf-czyszczenie.pl\/#website","url":"https:\/\/dpf-czyszczenie.pl\/","name":"dpf-czyszczenie.pl","description":"","publisher":{"@id":"https:\/\/dpf-czyszczenie.pl\/#organization"},"potentialAction":[{"@type":"SearchAction","target":{"@type":"EntryPoint","urlTemplate":"https:\/\/dpf-czyszczenie.pl\/?s={search_term_string}"},"query-input":{"@type":"PropertyValueSpecification","valueRequired":true,"valueName":"search_term_string"}}],"inLanguage":"pl-PL"},{"@type":"Organization","@id":"https:\/\/dpf-czyszczenie.pl\/#organization","name":"dpf-czyszczenie.pl","url":"https:\/\/dpf-czyszczenie.pl\/","logo":{"@type":"ImageObject","inLanguage":"pl-PL","@id":"https:\/\/dpf-czyszczenie.pl\/#\/schema\/logo\/image\/","url":"https:\/\/dpf-czyszczenie.pl\/wp-content\/uploads\/2025\/10\/logo-agency.png","contentUrl":"https:\/\/dpf-czyszczenie.pl\/wp-content\/uploads\/2025\/10\/logo-agency.png","width":200,"height":200,"caption":"dpf-czyszczenie.pl"},"image":{"@id":"https:\/\/dpf-czyszczenie.pl\/#\/schema\/logo\/image\/"}}]}},"_links":{"self":[{"href":"https:\/\/dpf-czyszczenie.pl\/index.php\/wp-json\/wp\/v2\/pages\/72","targetHints":{"allow":["GET"]}}],"collection":[{"href":"https:\/\/dpf-czyszczenie.pl\/index.php\/wp-json\/wp\/v2\/pages"}],"about":[{"href":"https:\/\/dpf-czyszczenie.pl\/index.php\/wp-json\/wp\/v2\/types\/page"}],"author":[{"embeddable":true,"href":"https:\/\/dpf-czyszczenie.pl\/index.php\/wp-json\/wp\/v2\/users\/1"}],"replies":[{"embeddable":true,"href":"https:\/\/dpf-czyszczenie.pl\/index.php\/wp-json\/wp\/v2\/comments?post=72"}],"version-history":[{"count":24,"href":"https:\/\/dpf-czyszczenie.pl\/index.php\/wp-json\/wp\/v2\/pages\/72\/revisions"}],"predecessor-version":[{"id":108,"href":"https:\/\/dpf-czyszczenie.pl\/index.php\/wp-json\/wp\/v2\/pages\/72\/revisions\/108"}],"wp:attachment":[{"href":"https:\/\/dpf-czyszczenie.pl\/index.php\/wp-json\/wp\/v2\/media?parent=72"}],"curies":[{"name":"wp","href":"https:\/\/api.w.org\/{rel}","templated":true}]}}