{"id":8,"date":"2025-10-27T16:15:05","date_gmt":"2025-10-27T16:15:05","guid":{"rendered":"https:\/\/dpf-czyszczenie.pl\/?page_id=8"},"modified":"2026-01-17T12:21:11","modified_gmt":"2026-01-17T12:21:11","slug":"informacje","status":"publish","type":"page","link":"https:\/\/dpf-czyszczenie.pl\/index.php\/informacje\/","title":{"rendered":"O nas"},"content":{"rendered":"\n<p><\/p>\n\n\n\n<div class=\"wp-block-cover alignfull\" style=\"min-height:600px;aspect-ratio:unset;\"><span aria-hidden=\"true\" class=\"wp-block-cover__background has-nv-light-bg-background-color has-background-dim-100 has-background-dim\"><\/span><div class=\"wp-block-cover__inner-container is-layout-flow wp-block-cover-is-layout-flow\">\n<div class=\"wp-block-group\"><div class=\"wp-block-group__inner-container is-layout-flow wp-block-group-is-layout-flow\">\n<div style=\"height:80px\" aria-hidden=\"true\" class=\"wp-block-spacer\"><\/div>\n\n\n\n<div class=\"wp-block-columns are-vertically-aligned-center has-neve-text-color-color has-text-color is-layout-flex wp-container-core-columns-is-layout-9d6595d7 wp-block-columns-is-layout-flex\">\n<div class=\"wp-block-column is-vertically-aligned-center is-layout-flow wp-block-column-is-layout-flow\" style=\"padding-right:var(--wp--preset--spacing--30);padding-left:var(--wp--preset--spacing--30);flex-basis:50%\">\n<figure class=\"wp-block-image size-full has-custom-border\"><img loading=\"lazy\" decoding=\"async\" width=\"762\" height=\"400\" src=\"https:\/\/dpf-czyszczenie.pl\/wp-content\/uploads\/2025\/10\/dpf1.png\" alt=\"\" class=\"wp-image-36\" style=\"border-radius:16px\" srcset=\"https:\/\/dpf-czyszczenie.pl\/wp-content\/uploads\/2025\/10\/dpf1.png 762w, https:\/\/dpf-czyszczenie.pl\/wp-content\/uploads\/2025\/10\/dpf1-300x157.png 300w\" sizes=\"auto, (max-width: 762px) 100vw, 762px\" \/><\/figure>\n<\/div>\n\n\n\n<div class=\"wp-block-column is-vertically-aligned-center is-layout-flow wp-block-column-is-layout-flow\" style=\"padding-top:0;padding-right:var(--wp--preset--spacing--30);padding-bottom:0;padding-left:var(--wp--preset--spacing--30);flex-basis:50%\">\n<h2 class=\"wp-block-heading has-neve-text-color-color has-text-color\">O naszej firmie <\/h2>\n\n\n\n<p class=\"has-neve-text-color-color has-text-color\"><strong>Nasza firma specjalizuje si\u0119 w profesjonalnym czyszczeniu i regeneracji filtr\u00f3w DPF, FAP oraz katalizator\u00f3w SCR.<\/strong><br>Dzi\u0119ki nowoczesnej technologii i wieloletniemu do\u015bwiadczeniu przywracamy pe\u0142n\u0105 sprawno\u015b\u0107 filtr\u00f3w, gwarantuj\u0105c skuteczno\u015b\u0107 na poziomie nawet <strong>98%<\/strong>.<\/p>\n<\/div>\n<\/div>\n\n\n\n<div style=\"height:40px\" aria-hidden=\"true\" class=\"wp-block-spacer\"><\/div>\n<\/div><\/div>\n<\/div><\/div>\n\n\n\n<div class=\"wp-block-cover alignfull\" style=\"min-height:600px;aspect-ratio:unset;\"><span aria-hidden=\"true\" class=\"wp-block-cover__background has-nv-dark-bg-background-color has-background-dim-100 has-background-dim\"><\/span><div class=\"wp-block-cover__inner-container is-layout-flow wp-block-cover-is-layout-flow\">\n<div class=\"wp-block-group\"><div class=\"wp-block-group__inner-container is-layout-flow wp-block-group-is-layout-flow\">\n<div style=\"height:80px\" aria-hidden=\"true\" class=\"wp-block-spacer\"><\/div>\n\n\n\n<div class=\"wp-block-columns are-vertically-aligned-center is-layout-flex wp-container-core-columns-is-layout-9d6595d7 wp-block-columns-is-layout-flex\">\n<div class=\"wp-block-column is-vertically-aligned-center is-layout-flow wp-block-column-is-layout-flow\" style=\"padding-right:var(--wp--preset--spacing--30);padding-left:var(--wp--preset--spacing--30);flex-basis:50%\">\n<h2 class=\"wp-block-heading has-nv-text-dark-bg-color has-text-color\">Regeneracja filtr\u00f3w DPF<\/h2>\n\n\n\n<p>Regeneracja filtr\u00f3w DPF wykonywana jest <strong>w spos\u00f3b bezinwazyjny<\/strong>, bez konieczno\u015bci ci\u0119cia lub spawania obudowy filtra.<br>Ka\u017cdy filtr po zako\u0144czonym procesie czyszczenia przechodzi <strong>test przep\u0142ywu spalin<\/strong> oraz <strong>certyfikacj\u0119 jako\u015bci<\/strong>, co potwierdza jego pe\u0142n\u0105 sprawno\u015b\u0107.<\/p>\n\n\n\n<p class=\"has-nv-text-dark-bg-color has-text-color\">Obs\u0142ugujemy <strong>samochody osobowe, dostawcze oraz ci\u0119\u017carowe<\/strong>, zapewniaj\u0105c skuteczn\u0105 regeneracj\u0119 zgodn\u0105 z fabrycznymi parametrami producenta.<\/p>\n\n\n\n<div style=\"height:20px\" aria-hidden=\"true\" class=\"wp-block-spacer\"><\/div>\n\n\n\n<div style=\"height:20px\" aria-hidden=\"true\" class=\"wp-block-spacer\"><\/div>\n<\/div>\n\n\n\n<div class=\"wp-block-column is-vertically-aligned-center is-layout-flow wp-block-column-is-layout-flow\" style=\"padding-right:var(--wp--preset--spacing--30);padding-left:var(--wp--preset--spacing--30);flex-basis:50%\">\n<figure class=\"wp-block-image size-full has-custom-border\"><img loading=\"lazy\" decoding=\"async\" width=\"750\" height=\"410\" src=\"https:\/\/dpf-czyszczenie.pl\/wp-content\/uploads\/2025\/10\/Car-Diagnostic-Test-750x410-1.jpg\" alt=\"\" class=\"wp-image-39\" style=\"border-radius:16px\" srcset=\"https:\/\/dpf-czyszczenie.pl\/wp-content\/uploads\/2025\/10\/Car-Diagnostic-Test-750x410-1.jpg 750w, https:\/\/dpf-czyszczenie.pl\/wp-content\/uploads\/2025\/10\/Car-Diagnostic-Test-750x410-1-300x164.jpg 300w\" sizes=\"auto, (max-width: 750px) 100vw, 750px\" \/><\/figure>\n<\/div>\n<\/div>\n\n\n\n<div style=\"height:40px\" aria-hidden=\"true\" class=\"wp-block-spacer\"><\/div>\n<\/div><\/div>\n<\/div><\/div>\n\n\n\n<div class=\"wp-block-cover alignfull\" style=\"min-height:420px;aspect-ratio:unset;\"><span aria-hidden=\"true\" class=\"wp-block-cover__background has-nv-site-bg-background-color has-background-dim-100 has-background-dim\"><\/span><div class=\"wp-block-cover__inner-container is-layout-flow wp-block-cover-is-layout-flow\">\n<div style=\"height:80px\" aria-hidden=\"true\" class=\"wp-block-spacer\"><\/div>\n\n\n<div class=\"wp-block-image icon-style is-style-default\">\n<figure class=\"aligncenter size-full\"><img loading=\"lazy\" decoding=\"async\" width=\"726\" height=\"226\" src=\"https:\/\/dpf-czyszczenie.pl\/wp-content\/uploads\/2025\/10\/kontrolka-dpf-1.webp\" alt=\"\" class=\"wp-image-42\" srcset=\"https:\/\/dpf-czyszczenie.pl\/wp-content\/uploads\/2025\/10\/kontrolka-dpf-1.webp 726w, https:\/\/dpf-czyszczenie.pl\/wp-content\/uploads\/2025\/10\/kontrolka-dpf-1-300x93.webp 300w\" sizes=\"auto, (max-width: 726px) 100vw, 726px\" \/><\/figure>\n<\/div>\n\n\n<div class=\"wp-block-columns is-layout-flex wp-container-core-columns-is-layout-9d6595d7 wp-block-columns-is-layout-flex\">\n<div class=\"wp-block-column ticss-4ce656f1 has-neve-text-color-color has-text-color has-link-color wp-elements-cb339e144129603e8016b8172acdb8ae is-layout-flow wp-block-column-is-layout-flow\" style=\"padding-right:var(--wp--preset--spacing--30);padding-left:var(--wp--preset--spacing--30)\">\n<div style=\"height:24px\" aria-hidden=\"true\" class=\"wp-block-spacer\"><\/div>\n\n\n\n<h3 class=\"wp-block-heading has-text-align-left has-text-align-center has-neve-text-color-color has-text-color\">Regeneracja filtr\u00f3w DPF<\/h3>\n\n\n\n<p>Wykonujemy <strong>regeneracj\u0119 filtr\u00f3w DPF w technologii 2\u00d7 HydroClean<\/strong>, wykorzystuj\u0105c <strong>myjki naszej w\u0142asnej produkcji<\/strong>.<br>Proces ten pozwala na skuteczne usuni\u0119cie sadzy, popio\u0142\u00f3w i zanieczyszcze\u0144 nagromadzonych w strukturze filtra, przywracaj\u0105c jego pe\u0142n\u0105 dro\u017cno\u015b\u0107 i sprawno\u015b\u0107.<\/p>\n\n\n\n<p class=\"has-text-align-left\">Regeneracja przeprowadzana jest w spos\u00f3b bezpieczny dla filtra i zgodny z jego fabrycznymi parametrami.<\/p>\n\n\n\n<div style=\"height:20px\" aria-hidden=\"true\" class=\"wp-block-spacer\"><\/div>\n<\/div>\n\n\n\n<div class=\"wp-block-column ticss-f6fc7494 is-layout-flow wp-block-column-is-layout-flow\" style=\"padding-right:var(--wp--preset--spacing--30);padding-left:var(--wp--preset--spacing--30)\">\n<div style=\"height:24px\" aria-hidden=\"true\" class=\"wp-block-spacer\"><\/div>\n\n\n\n<h3 class=\"wp-block-heading has-text-align-left has-text-align-center has-neve-text-color-color has-text-color\">Diagnostyka filtr\u00f3w DPF<\/h3>\n\n\n\n<p class=\"has-text-align-left has-neve-text-color-color has-text-color\">Specjalizujemy si\u0119 w <strong>profesjonalnej diagnostyce filtr\u00f3w DPF<\/strong>, kt\u00f3ra pozwala precyzyjnie oceni\u0107 stopie\u0144 ich zapchania oraz rzeczywisty stan techniczny.<br>Dzi\u0119ki nowoczesnym narz\u0119dziom diagnostycznym jeste\u015bmy w stanie szybko stwierdzi\u0107, czy filtr kwalifikuje si\u0119 do czyszczenia, regeneracji, czy wymaga dalszych dzia\u0142a\u0144 serwisowych.<\/p>\n\n\n\n<h3 class=\"wp-block-heading has-text-align-left has-text-align-center has-neve-text-color-color has-text-color\"><\/h3>\n<\/div>\n\n\n\n<div class=\"wp-block-column ticss-a5b4df29 has-nv-dark-bg-color has-text-color has-link-color wp-elements-eebb3ae6c0e05b8acb43421d2d1cae5d is-layout-flow wp-block-column-is-layout-flow\" style=\"padding-right:var(--wp--preset--spacing--30);padding-left:var(--wp--preset--spacing--30)\">\n<div style=\"height:24px\" aria-hidden=\"true\" class=\"wp-block-spacer\"><\/div>\n\n\n\n<h3 class=\"wp-block-heading has-text-align-left has-text-align-center has-neve-text-color-color has-text-color\">Pe\u0142en serwis <\/h3>\n\n\n\n<p class=\"has-text-align-left has-neve-text-color-color has-text-color\">Pe\u0142en serwis DPF \u2013 kompleksowa obs\u0142uga<\/p>\n\n\n\n<p class=\"has-nv-dark-bg-color has-text-color has-link-color wp-elements-50f76db114bbca2f8c37016beec3bed3\">Oferujemy r\u00f3wnie\u017c <strong>kompleksow\u0105 us\u0142ug\u0119 serwisow\u0105<\/strong>, obejmuj\u0105c\u0105:<\/p>\n\n\n\n<ul class=\"wp-block-list\">\n<li>demonta\u017c filtra DPF z pojazdu,<\/li>\n\n\n\n<li>dok\u0142adn\u0105 diagnostyk\u0119,<\/li>\n\n\n\n<li>czyszczenie lub regeneracj\u0119 filtra,<\/li>\n\n\n\n<li>ponowny monta\u017c,<\/li>\n\n\n\n<li>ko\u0144cow\u0105 diagnostyk\u0119 i kontrol\u0119 poprawno\u015bci dzia\u0142ania.<\/li>\n<\/ul>\n\n\n\n<p class=\"has-text-align-left has-neve-text-color-color has-text-color\">Dzi\u0119ki temu klient otrzymuje <strong>kompletn\u0105 obs\u0142ug\u0119 w jednym miejscu<\/strong>, bez konieczno\u015bci anga\u017cowania dodatkowych warsztat\u00f3w.<\/p>\n\n\n\n<p><\/p>\n\n\n\n<div style=\"height:20px\" aria-hidden=\"true\" class=\"wp-block-spacer\"><\/div>\n<\/div>\n<\/div>\n\n\n\n<div style=\"height:30px\" aria-hidden=\"true\" class=\"wp-block-spacer\"><\/div>\n<\/div><\/div>\n\n\n\n<p><\/p>\n","protected":false},"excerpt":{"rendered":"","protected":false},"author":1,"featured_media":0,"parent":0,"menu_order":0,"comment_status":"closed","ping_status":"closed","template":"","meta":{"neve_meta_sidebar":"","neve_meta_container":"","neve_meta_enable_content_width":"on","neve_meta_content_width":100,"neve_meta_title_alignment":"","neve_meta_author_avatar":"","neve_post_elements_order":"","neve_meta_disable_header":"","neve_meta_disable_footer":"","neve_meta_disable_title":"on","footnotes":""},"class_list":["post-8","page","type-page","status-publish","hentry"],"yoast_head":"<!-- This site is optimized with the Yoast SEO plugin v27.1.1 - https:\/\/yoast.com\/product\/yoast-seo-wordpress\/ -->\n<title>O nas - dpf-czyszczenie.pl<\/title>\n<meta name=\"robots\" content=\"index, follow, max-snippet:-1, max-image-preview:large, max-video-preview:-1\" \/>\n<link rel=\"canonical\" href=\"https:\/\/dpf-czyszczenie.pl\/index.php\/informacje\/\" \/>\n<meta property=\"og:locale\" content=\"pl_PL\" \/>\n<meta property=\"og:type\" content=\"article\" \/>\n<meta property=\"og:title\" content=\"O nas - dpf-czyszczenie.pl\" \/>\n<meta property=\"og:url\" content=\"https:\/\/dpf-czyszczenie.pl\/index.php\/informacje\/\" \/>\n<meta property=\"og:site_name\" content=\"dpf-czyszczenie.pl\" \/>\n<meta property=\"article:modified_time\" content=\"2026-01-17T12:21:11+00:00\" \/>\n<meta property=\"og:image\" content=\"https:\/\/dpf-czyszczenie.pl\/wp-content\/uploads\/2025\/10\/dpf1.png\" \/>\n\t<meta property=\"og:image:width\" content=\"762\" \/>\n\t<meta property=\"og:image:height\" content=\"400\" \/>\n\t<meta property=\"og:image:type\" content=\"image\/png\" \/>\n<meta name=\"twitter:card\" content=\"summary_large_image\" \/>\n<meta name=\"twitter:label1\" content=\"Szacowany czas czytania\" \/>\n\t<meta name=\"twitter:data1\" content=\"1 minuta\" \/>\n<script type=\"application\/ld+json\" class=\"yoast-schema-graph\">{\"@context\":\"https:\/\/schema.org\",\"@graph\":[{\"@type\":\"WebPage\",\"@id\":\"https:\/\/dpf-czyszczenie.pl\/index.php\/informacje\/\",\"url\":\"https:\/\/dpf-czyszczenie.pl\/index.php\/informacje\/\",\"name\":\"O nas - dpf-czyszczenie.pl\",\"isPartOf\":{\"@id\":\"https:\/\/dpf-czyszczenie.pl\/#website\"},\"primaryImageOfPage\":{\"@id\":\"https:\/\/dpf-czyszczenie.pl\/index.php\/informacje\/#primaryimage\"},\"image\":{\"@id\":\"https:\/\/dpf-czyszczenie.pl\/index.php\/informacje\/#primaryimage\"},\"thumbnailUrl\":\"https:\/\/dpf-czyszczenie.pl\/wp-content\/uploads\/2025\/10\/dpf1.png\",\"datePublished\":\"2025-10-27T16:15:05+00:00\",\"dateModified\":\"2026-01-17T12:21:11+00:00\",\"breadcrumb\":{\"@id\":\"https:\/\/dpf-czyszczenie.pl\/index.php\/informacje\/#breadcrumb\"},\"inLanguage\":\"pl-PL\",\"potentialAction\":[{\"@type\":\"ReadAction\",\"target\":[\"https:\/\/dpf-czyszczenie.pl\/index.php\/informacje\/\"]}]},{\"@type\":\"ImageObject\",\"inLanguage\":\"pl-PL\",\"@id\":\"https:\/\/dpf-czyszczenie.pl\/index.php\/informacje\/#primaryimage\",\"url\":\"https:\/\/dpf-czyszczenie.pl\/wp-content\/uploads\/2025\/10\/dpf1.png\",\"contentUrl\":\"https:\/\/dpf-czyszczenie.pl\/wp-content\/uploads\/2025\/10\/dpf1.png\",\"width\":762,\"height\":400},{\"@type\":\"BreadcrumbList\",\"@id\":\"https:\/\/dpf-czyszczenie.pl\/index.php\/informacje\/#breadcrumb\",\"itemListElement\":[{\"@type\":\"ListItem\",\"position\":1,\"name\":\"Strona g\u0142\u00f3wna\",\"item\":\"https:\/\/dpf-czyszczenie.pl\/\"},{\"@type\":\"ListItem\",\"position\":2,\"name\":\"O nas\"}]},{\"@type\":\"WebSite\",\"@id\":\"https:\/\/dpf-czyszczenie.pl\/#website\",\"url\":\"https:\/\/dpf-czyszczenie.pl\/\",\"name\":\"dpf-czyszczenie.pl\",\"description\":\"\",\"publisher\":{\"@id\":\"https:\/\/dpf-czyszczenie.pl\/#organization\"},\"potentialAction\":[{\"@type\":\"SearchAction\",\"target\":{\"@type\":\"EntryPoint\",\"urlTemplate\":\"https:\/\/dpf-czyszczenie.pl\/?s={search_term_string}\"},\"query-input\":{\"@type\":\"PropertyValueSpecification\",\"valueRequired\":true,\"valueName\":\"search_term_string\"}}],\"inLanguage\":\"pl-PL\"},{\"@type\":\"Organization\",\"@id\":\"https:\/\/dpf-czyszczenie.pl\/#organization\",\"name\":\"dpf-czyszczenie.pl\",\"url\":\"https:\/\/dpf-czyszczenie.pl\/\",\"logo\":{\"@type\":\"ImageObject\",\"inLanguage\":\"pl-PL\",\"@id\":\"https:\/\/dpf-czyszczenie.pl\/#\/schema\/logo\/image\/\",\"url\":\"https:\/\/dpf-czyszczenie.pl\/wp-content\/uploads\/2025\/10\/logo-agency.png\",\"contentUrl\":\"https:\/\/dpf-czyszczenie.pl\/wp-content\/uploads\/2025\/10\/logo-agency.png\",\"width\":200,\"height\":200,\"caption\":\"dpf-czyszczenie.pl\"},\"image\":{\"@id\":\"https:\/\/dpf-czyszczenie.pl\/#\/schema\/logo\/image\/\"}}]}<\/script>\n<!-- \/ Yoast SEO plugin. -->","yoast_head_json":{"title":"O nas - dpf-czyszczenie.pl","robots":{"index":"index","follow":"follow","max-snippet":"max-snippet:-1","max-image-preview":"max-image-preview:large","max-video-preview":"max-video-preview:-1"},"canonical":"https:\/\/dpf-czyszczenie.pl\/index.php\/informacje\/","og_locale":"pl_PL","og_type":"article","og_title":"O nas - dpf-czyszczenie.pl","og_url":"https:\/\/dpf-czyszczenie.pl\/index.php\/informacje\/","og_site_name":"dpf-czyszczenie.pl","article_modified_time":"2026-01-17T12:21:11+00:00","og_image":[{"width":762,"height":400,"url":"https:\/\/dpf-czyszczenie.pl\/wp-content\/uploads\/2025\/10\/dpf1.png","type":"image\/png"}],"twitter_card":"summary_large_image","twitter_misc":{"Szacowany czas czytania":"1 minuta"},"schema":{"@context":"https:\/\/schema.org","@graph":[{"@type":"WebPage","@id":"https:\/\/dpf-czyszczenie.pl\/index.php\/informacje\/","url":"https:\/\/dpf-czyszczenie.pl\/index.php\/informacje\/","name":"O nas - dpf-czyszczenie.pl","isPartOf":{"@id":"https:\/\/dpf-czyszczenie.pl\/#website"},"primaryImageOfPage":{"@id":"https:\/\/dpf-czyszczenie.pl\/index.php\/informacje\/#primaryimage"},"image":{"@id":"https:\/\/dpf-czyszczenie.pl\/index.php\/informacje\/#primaryimage"},"thumbnailUrl":"https:\/\/dpf-czyszczenie.pl\/wp-content\/uploads\/2025\/10\/dpf1.png","datePublished":"2025-10-27T16:15:05+00:00","dateModified":"2026-01-17T12:21:11+00:00","breadcrumb":{"@id":"https:\/\/dpf-czyszczenie.pl\/index.php\/informacje\/#breadcrumb"},"inLanguage":"pl-PL","potentialAction":[{"@type":"ReadAction","target":["https:\/\/dpf-czyszczenie.pl\/index.php\/informacje\/"]}]},{"@type":"ImageObject","inLanguage":"pl-PL","@id":"https:\/\/dpf-czyszczenie.pl\/index.php\/informacje\/#primaryimage","url":"https:\/\/dpf-czyszczenie.pl\/wp-content\/uploads\/2025\/10\/dpf1.png","contentUrl":"https:\/\/dpf-czyszczenie.pl\/wp-content\/uploads\/2025\/10\/dpf1.png","width":762,"height":400},{"@type":"BreadcrumbList","@id":"https:\/\/dpf-czyszczenie.pl\/index.php\/informacje\/#breadcrumb","itemListElement":[{"@type":"ListItem","position":1,"name":"Strona g\u0142\u00f3wna","item":"https:\/\/dpf-czyszczenie.pl\/"},{"@type":"ListItem","position":2,"name":"O nas"}]},{"@type":"WebSite","@id":"https:\/\/dpf-czyszczenie.pl\/#website","url":"https:\/\/dpf-czyszczenie.pl\/","name":"dpf-czyszczenie.pl","description":"","publisher":{"@id":"https:\/\/dpf-czyszczenie.pl\/#organization"},"potentialAction":[{"@type":"SearchAction","target":{"@type":"EntryPoint","urlTemplate":"https:\/\/dpf-czyszczenie.pl\/?s={search_term_string}"},"query-input":{"@type":"PropertyValueSpecification","valueRequired":true,"valueName":"search_term_string"}}],"inLanguage":"pl-PL"},{"@type":"Organization","@id":"https:\/\/dpf-czyszczenie.pl\/#organization","name":"dpf-czyszczenie.pl","url":"https:\/\/dpf-czyszczenie.pl\/","logo":{"@type":"ImageObject","inLanguage":"pl-PL","@id":"https:\/\/dpf-czyszczenie.pl\/#\/schema\/logo\/image\/","url":"https:\/\/dpf-czyszczenie.pl\/wp-content\/uploads\/2025\/10\/logo-agency.png","contentUrl":"https:\/\/dpf-czyszczenie.pl\/wp-content\/uploads\/2025\/10\/logo-agency.png","width":200,"height":200,"caption":"dpf-czyszczenie.pl"},"image":{"@id":"https:\/\/dpf-czyszczenie.pl\/#\/schema\/logo\/image\/"}}]}},"_links":{"self":[{"href":"https:\/\/dpf-czyszczenie.pl\/index.php\/wp-json\/wp\/v2\/pages\/8","targetHints":{"allow":["GET"]}}],"collection":[{"href":"https:\/\/dpf-czyszczenie.pl\/index.php\/wp-json\/wp\/v2\/pages"}],"about":[{"href":"https:\/\/dpf-czyszczenie.pl\/index.php\/wp-json\/wp\/v2\/types\/page"}],"author":[{"embeddable":true,"href":"https:\/\/dpf-czyszczenie.pl\/index.php\/wp-json\/wp\/v2\/users\/1"}],"replies":[{"embeddable":true,"href":"https:\/\/dpf-czyszczenie.pl\/index.php\/wp-json\/wp\/v2\/comments?post=8"}],"version-history":[{"count":12,"href":"https:\/\/dpf-czyszczenie.pl\/index.php\/wp-json\/wp\/v2\/pages\/8\/revisions"}],"predecessor-version":[{"id":116,"href":"https:\/\/dpf-czyszczenie.pl\/index.php\/wp-json\/wp\/v2\/pages\/8\/revisions\/116"}],"wp:attachment":[{"href":"https:\/\/dpf-czyszczenie.pl\/index.php\/wp-json\/wp\/v2\/media?parent=8"}],"curies":[{"name":"wp","href":"https:\/\/api.w.org\/{rel}","templated":true}]}}